{"id":1237,"date":"2025-01-30T21:37:02","date_gmt":"2025-01-30T21:37:02","guid":{"rendered":"https:\/\/remanentecasajuval.org\/?page_id=1237"},"modified":"2025-01-31T01:54:53","modified_gmt":"2025-01-31T01:54:53","slug":"donaciones","status":"publish","type":"page","link":"https:\/\/remanentecasajuval.org\/?page_id=1237","title":{"rendered":"Donaciones"},"content":{"rendered":"\n<blockquote class=\"wp-block-quote is-layout-flow wp-block-quote-is-layout-flow\">\n<p>&#8220;Recuerden esto: El que siembra escasamente, escasamente cosechar\u00e1, y el que siembra en abundancia, en abundancia cosechar\u00e1. Cada uno debe dar seg\u00fan lo que haya decidido en su coraz\u00f3n, no de mala gana ni por obligaci\u00f3n, porque Dios ama al que da con alegr\u00eda&#8221; <strong>2 Cor 9:6-7<\/strong><\/p>\n<\/blockquote>\n\n\n\n<p>Con tus donaciones y ofrendas podemos seguir avanzando en la edificaci\u00f3n del sue\u00f1o que Dios nos ha dado. <\/p>\n\n\n\n<h2 class=\"wp-block-heading has-text-align-center has-large-font-size\" id=\"inspiro-is-a-digital-product-agency-that-focuses-on-strategy-and-desig\" style=\"font-weight:300\"><strong>Medios de pago<\/strong><\/h2>\n\n\n\n<p><\/p>\n\n\n\n<div class=\"wp-block-media-text is-stacked-on-mobile\" style=\"margin-top:0;margin-bottom:0;grid-template-columns:30% auto\"><figure class=\"wp-block-media-text__media\"><img loading=\"lazy\" decoding=\"async\" width=\"225\" height=\"225\" src=\"https:\/\/remanentecasajuval.org\/wp-content\/uploads\/2025\/01\/logo-caja-social-2.jpeg\" alt=\"\" class=\"wp-image-1246 size-full\" srcset=\"https:\/\/remanentecasajuval.org\/wp-content\/uploads\/2025\/01\/logo-caja-social-2.jpeg 225w, https:\/\/remanentecasajuval.org\/wp-content\/uploads\/2025\/01\/logo-caja-social-2-150x150.jpeg 150w\" sizes=\"(max-width: 225px) 100vw, 225px\" \/><\/figure><div class=\"wp-block-media-text__content\">\n<p><\/p>\n\n\n\n<p><strong>CONSIGNACI\u00d3N BANCARIA<\/strong><\/p>\n\n\n\n<p>Banco Caja Social &#8211; Cuenta de Ahorros No 24133341955<\/p>\n\n\n\n<p><strong>Fundaci\u00f3n Art\u00edstica y Cultural Casa Juval<\/strong><\/p>\n\n\n\n<p><strong>NIT 901813019-7<\/strong><\/p>\n<\/div><\/div>\n\n\n\n<div style=\"height:67px\" aria-hidden=\"true\" class=\"wp-block-spacer\"><\/div>\n\n\n\n<hr class=\"wp-block-separator has-alpha-channel-opacity\"\/>\n\n\n\n<div class=\"wp-block-media-text is-stacked-on-mobile\" style=\"grid-template-columns:30% auto\"><figure class=\"wp-block-media-text__media\"><img loading=\"lazy\" decoding=\"async\" width=\"1024\" height=\"1024\" src=\"https:\/\/remanentecasajuval.org\/wp-content\/uploads\/2025\/01\/mi-pago-amigo-1024x1024.png\" alt=\"\" class=\"wp-image-1249 size-full\" srcset=\"https:\/\/remanentecasajuval.org\/wp-content\/uploads\/2025\/01\/mi-pago-amigo-1024x1024.png 1024w, https:\/\/remanentecasajuval.org\/wp-content\/uploads\/2025\/01\/mi-pago-amigo-300x300.png 300w, https:\/\/remanentecasajuval.org\/wp-content\/uploads\/2025\/01\/mi-pago-amigo-150x150.png 150w, https:\/\/remanentecasajuval.org\/wp-content\/uploads\/2025\/01\/mi-pago-amigo.png 1080w\" sizes=\"(max-width: 1024px) 100vw, 1024px\" \/><\/figure><div class=\"wp-block-media-text__content\">\n<p><\/p>\n\n\n\n<p><strong>TRANSACCI\u00d3N EN L\u00cdNEA PSE<\/strong><\/p>\n\n\n\n<p>Da click en el siguiente bot\u00f3n y escribe el nombre Fundaci\u00f3n Art\u00edstica y Cultural Casa Juval. Dar clic en pagar y escribes los datos correspondientes. Gracias por tu aporte<\/p>\n\n\n\n<div class=\"wp-block-buttons is-layout-flex wp-block-buttons-is-layout-flex\">\n<div class=\"wp-block-button\"><a class=\"wp-block-button__link wp-element-button\" href=\"https:\/\/www.mipagoamigo.com\/MPA_WebSite\/ServicePayments\">Realizar pago<\/a><\/div>\n<\/div>\n<\/div><\/div>\n\n\n\n<div style=\"height:60px\" aria-hidden=\"true\" class=\"wp-block-spacer\"><\/div>\n\n\n\n<hr class=\"wp-block-separator has-alpha-channel-opacity\"\/>\n\n\n\n<div class=\"wp-block-media-text is-stacked-on-mobile\" style=\"grid-template-columns:30% auto\"><figure class=\"wp-block-media-text__media\"><img loading=\"lazy\" decoding=\"async\" width=\"1024\" height=\"1024\" src=\"https:\/\/remanentecasajuval.org\/wp-content\/uploads\/2025\/01\/paypal-banner-1024x1024.png\" alt=\"\" class=\"wp-image-1272 size-full\" srcset=\"https:\/\/remanentecasajuval.org\/wp-content\/uploads\/2025\/01\/paypal-banner-1024x1024.png 1024w, https:\/\/remanentecasajuval.org\/wp-content\/uploads\/2025\/01\/paypal-banner-300x300.png 300w, https:\/\/remanentecasajuval.org\/wp-content\/uploads\/2025\/01\/paypal-banner-150x150.png 150w, https:\/\/remanentecasajuval.org\/wp-content\/uploads\/2025\/01\/paypal-banner.png 1080w\" sizes=\"(max-width: 1024px) 100vw, 1024px\" \/><\/figure><div class=\"wp-block-media-text__content\">\n<p><\/p>\n\n\n\n<script src=\"https:\/\/www.paypal.com\/sdk\/js?client-id=BAA0-NU72WGxvFt7zCmLSXa7O5ARX07YSffYyi0lDQYqDCLVD0mCPHO1E7DrDH_-AdM7nmTTNLdo9Y_UNg&#038;components=hosted-buttons&#038;disable-funding=venmo&#038;currency=USD\"><\/script>\n<div id=\"paypal-container-FMGZEAYJYM2GY\"><\/div>\n<script>\n  paypal.HostedButtons({\n    hostedButtonId: \"FMGZEAYJYM2GY\",\n  }).render(\"#paypal-container-FMGZEAYJYM2GY\")\n<\/script>\n<\/div><\/div>\n\n\n\n<div style=\"height:100px\" aria-hidden=\"true\" class=\"wp-block-spacer\"><\/div>\n","protected":false},"excerpt":{"rendered":"<p>&#8220;Recuerden esto: El que siembra escasamente, escasamente cosechar\u00e1, y el que siembra en abundancia, en abundancia cosechar\u00e1. Cada uno debe dar seg\u00fan lo que haya decidido en su coraz\u00f3n, no de mala gana ni por obligaci\u00f3n, porque Dios ama al que da con alegr\u00eda&#8221; 2 Cor 9:6-7 Con tus donaciones y ofrendas podemos seguir avanzando &hellip; <\/p>\n<p class=\"link-more\"><a href=\"https:\/\/remanentecasajuval.org\/?page_id=1237\" class=\"more-link\">Leer m\u00e1s<span class=\"screen-reader-text\"> \u00abDonaciones\u00bb<\/span><\/a><\/p>\n","protected":false},"author":1,"featured_media":1242,"parent":0,"menu_order":0,"comment_status":"closed","ping_status":"closed","template":"","meta":{"footnotes":""},"class_list":["post-1237","page","type-page","status-publish","has-post-thumbnail","hentry"],"_links":{"self":[{"href":"https:\/\/remanentecasajuval.org\/index.php?rest_route=\/wp\/v2\/pages\/1237"}],"collection":[{"href":"https:\/\/remanentecasajuval.org\/index.php?rest_route=\/wp\/v2\/pages"}],"about":[{"href":"https:\/\/remanentecasajuval.org\/index.php?rest_route=\/wp\/v2\/types\/page"}],"author":[{"embeddable":true,"href":"https:\/\/remanentecasajuval.org\/index.php?rest_route=\/wp\/v2\/users\/1"}],"replies":[{"embeddable":true,"href":"https:\/\/remanentecasajuval.org\/index.php?rest_route=%2Fwp%2Fv2%2Fcomments&post=1237"}],"version-history":[{"count":28,"href":"https:\/\/remanentecasajuval.org\/index.php?rest_route=\/wp\/v2\/pages\/1237\/revisions"}],"predecessor-version":[{"id":1279,"href":"https:\/\/remanentecasajuval.org\/index.php?rest_route=\/wp\/v2\/pages\/1237\/revisions\/1279"}],"wp:featuredmedia":[{"embeddable":true,"href":"https:\/\/remanentecasajuval.org\/index.php?rest_route=\/wp\/v2\/media\/1242"}],"wp:attachment":[{"href":"https:\/\/remanentecasajuval.org\/index.php?rest_route=%2Fwp%2Fv2%2Fmedia&parent=1237"}],"curies":[{"name":"wp","href":"https:\/\/api.w.org\/{rel}","templated":true}]}}