{"id":1885,"date":"2025-07-28T04:12:43","date_gmt":"2025-07-28T04:12:43","guid":{"rendered":"https:\/\/remanentecasajuval.org\/?page_id=1885"},"modified":"2026-03-21T14:05:35","modified_gmt":"2026-03-21T14:05:35","slug":"444-xli-pinjas-%d7%a4%d7%a0%d7%97%d7%a1-boca-de-serpiente","status":"publish","type":"page","link":"https:\/\/remanentecasajuval.org\/?page_id=1885","title":{"rendered":"444 &#8211; XLI Pinjas, \u05e4\u05e0\u05d7\u05e1. Boca de serpiente"},"content":{"rendered":"\n<h2 class=\"wp-block-heading has-text-align-center\">Semana 41 (Pinjas)<\/h2>\n\n\n\n<h2 class=\"wp-block-heading has-text-align-center has-white-color has-primary-background-color has-text-color has-background has-link-color wp-elements-2c196b6e6e64b53e0a04de57d32dd22c\" style=\"font-size:clamp(16.293px, 1.018rem + ((1vw - 3.2px) * 0.771), 25px);\">Nm 25:10 &#8211; 30:1 \/ 1 Reyes 18 y 19 \/ Jn 15:1-17:26<\/h2>\n\n\n\n<div class=\"wp-block-group has-global-padding is-layout-constrained wp-block-group-is-layout-constrained\">\n<figure class=\"wp-block-table is-style-stripes\"><table class=\"has-border-color has-primary-border-color\"><tbody><tr><td class=\"has-text-align-center\" data-align=\"center\"><strong>D\u00eda<\/strong><\/td><td class=\"has-text-align-left\" data-align=\"left\"><strong>Porci\u00f3n<\/strong><\/td><td><strong>Haftarah<\/strong> <strong>y Escritos<\/strong><\/td><\/tr><tr><td class=\"has-text-align-center\" data-align=\"center\"><strong>1<\/strong><\/td><td class=\"has-text-align-left\" data-align=\"left\">Num 25:10-26:4 <br>Debemos ser radicales con la fornicaci\u00f3n<\/td><td>1 Re 18 <\/td><\/tr><tr><td class=\"has-text-align-center\" data-align=\"center\"><strong>2<\/strong><\/td><td class=\"has-text-align-left\" data-align=\"left\">Num 26:5-51<br>En Israel cada familia es guardada dentro de su nombre<\/td><td>1 Re 19 <\/td><\/tr><tr><td class=\"has-text-align-center\" data-align=\"center\"><strong>3<\/strong><\/td><td class=\"has-text-align-left\" data-align=\"left\">Num 26:52 &#8211; 27:5 <br>Consultar con Dios antes de tomar decisiones, aunque sean triviales<\/td><td>Jn 15 <\/td><\/tr><tr><td class=\"has-text-align-center\" data-align=\"center\"><strong>4<\/strong><\/td><td class=\"has-text-align-left\" data-align=\"left\">Num 27:6 &#8211; 23 <br>Josu\u00e9, hijo de Nun <\/td><td>Jn 16<\/td><\/tr><tr><td class=\"has-text-align-center\" data-align=\"center\"><strong>5<\/strong><\/td><td class=\"has-text-align-left\" data-align=\"left\">Nm 28:1-15 <br>El tiempo es muy importante para Dios <\/td><td>Jn 17<\/td><\/tr><tr><td class=\"has-text-align-center\" data-align=\"center\"><strong>6<\/strong><\/td><td class=\"has-text-align-left\" data-align=\"left\">Nm 28:16-29:11<br>El programa de la redenci\u00f3n en las fiestas de Jehov\u00e1<\/td><td><\/td><\/tr><tr><td class=\"has-text-align-center\" data-align=\"center\"><strong>7<\/strong><\/td><td class=\"has-text-align-left\" data-align=\"left\">Num 29:12-40<br>\u00bfPor qu\u00e9 son sacrificados tantos novillos? <\/td><td><\/td><\/tr><\/tbody><\/table><\/figure>\n\n\n\n<div class=\"wp-block-buttons is-content-justification-center is-layout-flex wp-container-core-buttons-is-layout-1 wp-block-buttons-is-layout-flex\">\n<div class=\"wp-block-button\"><a class=\"wp-block-button__link wp-element-button\" href=\"https:\/\/remanentecasajuval.org\/?page_id=178\">Ir al plan de lectura<\/a><\/div>\n<\/div>\n\n\n\n<h2 class=\"wp-block-heading has-text-align-center\">Audios<\/h2>\n\n\n\n<p class=\"has-text-align-center\"><a href=\"https:\/\/www.youtube.com\/@BibliaToraViviente\">Tomado de Tor\u00e1 Viviente<\/a><\/p>\n<\/div>\n\n\n\n<h2 class=\"wp-block-heading has-text-align-center\">Pinjas &#8211; D\u00eda 1<\/h2>\n\n\n\n<figure class=\"wp-block-audio\"><audio controls src=\"https:\/\/remanentecasajuval.org\/wp-content\/uploads\/2025\/07\/Parasha-41-Pinjas-1-aliya.mp3\"><\/audio><\/figure>\n\n\n\n<h2 class=\"wp-block-heading has-text-align-center\">Pinjas- D\u00eda 2<\/h2>\n\n\n\n<figure class=\"wp-block-audio\"><audio controls src=\"https:\/\/remanentecasajuval.org\/wp-content\/uploads\/2025\/07\/Parasha-41-Pinjas-2-aliya.mp3\"><\/audio><\/figure>\n\n\n\n<h2 class=\"wp-block-heading has-text-align-center\">Pinjas &#8211; D\u00eda 3<\/h2>\n\n\n\n<figure class=\"wp-block-audio\"><audio controls src=\"https:\/\/remanentecasajuval.org\/wp-content\/uploads\/2025\/07\/Parasha-41-Pinjas-3-aliya.mp3\"><\/audio><\/figure>\n\n\n\n<h2 class=\"wp-block-heading has-text-align-center\">Pinjas &#8211; D\u00eda 4<\/h2>\n\n\n\n<figure class=\"wp-block-audio\"><audio controls src=\"https:\/\/remanentecasajuval.org\/wp-content\/uploads\/2025\/07\/Parasha-41-Pinjas-4-aliya.mp3\"><\/audio><\/figure>\n\n\n\n<h2 class=\"wp-block-heading has-text-align-center\">Pinjas &#8211; D\u00eda 5<\/h2>\n\n\n\n<figure class=\"wp-block-audio\"><audio controls src=\"https:\/\/remanentecasajuval.org\/wp-content\/uploads\/2025\/07\/Parasha-41-Pinjas-5-aliya.mp3\"><\/audio><\/figure>\n\n\n\n<h2 class=\"wp-block-heading has-text-align-center\">Pinjas &#8211; D\u00eda 6<\/h2>\n\n\n\n<figure class=\"wp-block-audio\"><audio controls src=\"https:\/\/remanentecasajuval.org\/wp-content\/uploads\/2025\/07\/Parasha-41-Pinjas-6-aliya.mp3\"><\/audio><\/figure>\n\n\n\n<h2 class=\"wp-block-heading has-text-align-center\">Pinjas &#8211; D\u00eda 7<\/h2>\n\n\n\n<figure class=\"wp-block-audio\"><audio controls src=\"https:\/\/remanentecasajuval.org\/wp-content\/uploads\/2025\/07\/Parasha-41-Pinjas-7-aliya.mp3\"><\/audio><\/figure>\n\n\n\n<h2 class=\"wp-block-heading has-text-align-center\">Listado general de las Parasha<\/h2>\n\n\n<ul class=\"wp-block-page-list\"><li class=\"wp-block-pages-list__item\"><a class=\"wp-block-pages-list__item__link\" href=\"https:\/\/remanentecasajuval.org\/?page_id=214\">1- I Bereshit \u05d1\u05e8\u05d0\u05e9\u05d9\u05ea \/ Por causa del principal<\/a><\/li><li class=\"wp-block-pages-list__item\"><a class=\"wp-block-pages-list__item__link\" href=\"https:\/\/remanentecasajuval.org\/?page_id=436\">1- II Noaj \u05e0\u05d7 \/ No\u00e9<\/a><\/li><li class=\"wp-block-pages-list__item\"><a class=\"wp-block-pages-list__item__link\" href=\"https:\/\/remanentecasajuval.org\/?page_id=761\">1- III Lej lej\u00e1 \u05dc\u05da \u05dc\u05da \/ Salid<\/a><\/li><li class=\"wp-block-pages-list__item\"><a class=\"wp-block-pages-list__item__link\" href=\"https:\/\/remanentecasajuval.org\/?page_id=871\">1- IV Vayer\u00e1 \u05d5\u05d9\u05e8\u05d0 \/ \u00c9l apareci\u00f3<\/a><\/li><li class=\"wp-block-pages-list__item\"><a class=\"wp-block-pages-list__item__link\" href=\"https:\/\/remanentecasajuval.org\/?page_id=916\">1- V Jayei Sarah \u05d7\u05d9\u05d9 \u05e9\u05e8\u05d4 \/ La vida de Sara<\/a><\/li><li class=\"wp-block-pages-list__item\"><a class=\"wp-block-pages-list__item__link\" href=\"https:\/\/remanentecasajuval.org\/?page_id=950\">1- VI Toldot \u05ea\u05d5\u05dc\u05d3\u05d5\u05ea \/ Generaciones<\/a><\/li><li class=\"wp-block-pages-list__item\"><a class=\"wp-block-pages-list__item__link\" href=\"https:\/\/remanentecasajuval.org\/?page_id=1002\">1- VII Vayetze \u05d5\u05d9\u05e6\u05d0 \/ Y sali\u00f3<\/a><\/li><li class=\"wp-block-pages-list__item\"><a class=\"wp-block-pages-list__item__link\" href=\"https:\/\/remanentecasajuval.org\/?page_id=1042\">1- VIII Vayishlaj \u05d5\u05d9\u05e9\u05dc\u05d7 \/ Y mand\u00f3<\/a><\/li><li class=\"wp-block-pages-list__item\"><a class=\"wp-block-pages-list__item__link\" href=\"https:\/\/remanentecasajuval.org\/?page_id=1066\">11- IX Vayeshev \/ \u05d5\u05d9\u05e9\u05d1 &#8211; Y se asent\u00f3<\/a><\/li><li class=\"wp-block-pages-list__item\"><a class=\"wp-block-pages-list__item__link\" href=\"https:\/\/remanentecasajuval.org\/?page_id=1090\">11-X Miketz \/ \u05de\u05e7\u05e5 &#8211; Al final, al cabo de<\/a><\/li><li class=\"wp-block-pages-list__item\"><a class=\"wp-block-pages-list__item__link\" href=\"https:\/\/remanentecasajuval.org\/?page_id=1143\">11-XI Vayigash \/ \u05d5\u05d9\u05d2\u05e9 &#8211; Y se acerc\u00f3<\/a><\/li><li class=\"wp-block-pages-list__item\"><a class=\"wp-block-pages-list__item__link\" href=\"https:\/\/remanentecasajuval.org\/?page_id=1169\">11-XII Vayej\u00ed \/ \u05d5\u05d9\u05d7\u05d9 &#8211; Y vivi\u00f3<\/a><\/li><li class=\"wp-block-pages-list__item\"><a class=\"wp-block-pages-list__item__link\" href=\"https:\/\/remanentecasajuval.org\/?page_id=1190\">2-XIII Shemot \/ \u00a0\u05e9\u05de\u05d5\u05ea &#8211; Nombres<\/a><\/li><li class=\"wp-block-pages-list__item\"><a class=\"wp-block-pages-list__item__link\" href=\"https:\/\/remanentecasajuval.org\/?page_id=1280\">2-XIV Va\u2019era, \u05d5\u05d0\u05e8\u05d0 &#8211; Y me mostr\u00e9<\/a><\/li><li class=\"wp-block-pages-list__item\"><a class=\"wp-block-pages-list__item__link\" href=\"https:\/\/remanentecasajuval.org\/?page_id=1213\">2-XV Bo, \u05d1\u05d0 &#8211; Ve\/Anda<\/a><\/li><li class=\"wp-block-pages-list__item\"><a class=\"wp-block-pages-list__item__link\" href=\"https:\/\/remanentecasajuval.org\/?page_id=1312\">2-XVI Beshalaj \u05d1\u05e9\u05dc\u05d7 &#8211; Al expulsar<\/a><\/li><li class=\"wp-block-pages-list__item\"><a class=\"wp-block-pages-list__item__link\" href=\"https:\/\/remanentecasajuval.org\/?page_id=1331\">2-XVII Yitro \u05d9\u05ea\u05e8\u05d5 &#8211; Yetro<\/a><\/li><li class=\"wp-block-pages-list__item\"><a class=\"wp-block-pages-list__item__link\" href=\"https:\/\/remanentecasajuval.org\/?page_id=1353\">2-XVIII Mishpatim, \u05de\u05e9\u05e4\u05d8\u05d9\u05dd &#8211; Juicios y normas<\/a><\/li><li class=\"wp-block-pages-list__item\"><a class=\"wp-block-pages-list__item__link\" href=\"https:\/\/remanentecasajuval.org\/?page_id=1405\">22-XIX Terumah, \u05ea\u05e8\u05d5\u05de\u05d4 &#8211; Ofrenda alzada<\/a><\/li><li class=\"wp-block-pages-list__item\"><a class=\"wp-block-pages-list__item__link\" href=\"https:\/\/remanentecasajuval.org\/?page_id=1442\">22-XX Tetzaveh, \u05ea\u05e6\u05d5\u05d5\u05d4 &#8211; Y mandar\u00e1s<\/a><\/li><li class=\"wp-block-pages-list__item\"><a class=\"wp-block-pages-list__item__link\" href=\"https:\/\/remanentecasajuval.org\/?page_id=1465\">22-XXI Ki Tisa\u2019 \u05db\u05d9 \u05ea\u05e9\u05d0 &#8211; Y mandar\u00e1s<\/a><\/li><li class=\"wp-block-pages-list__item\"><a class=\"wp-block-pages-list__item__link\" href=\"https:\/\/remanentecasajuval.org\/?page_id=1484\">22-XXII Va yakhel, \u05d5\u05d9\u05e7\u05d4\u05dc &#8211; Hizo que se reunieran<\/a><\/li><li class=\"wp-block-pages-list__item\"><a class=\"wp-block-pages-list__item__link\" href=\"https:\/\/remanentecasajuval.org\/?page_id=1518\">22-XXIII Pekudey, \u05e4\u05e7\u05d5\u05d3\u05d9 &#8211; Rendir cuentas<\/a><\/li><li class=\"wp-block-pages-list__item\"><a class=\"wp-block-pages-list__item__link\" href=\"https:\/\/remanentecasajuval.org\/?page_id=1549\">3 &#8211; XXIV Vayikra\u2019, \u05d5\u05d9\u05e7\u05e8\u05d0 &#8211; Y \u00c9l llam\u00f3<\/a><\/li><li class=\"wp-block-pages-list__item\"><a class=\"wp-block-pages-list__item__link\" href=\"https:\/\/remanentecasajuval.org\/?page_id=1580\">3 &#8211; XXV Tzav, \u05e6\u05d5 &#8211; Ordenanza<\/a><\/li><li class=\"wp-block-pages-list__item\"><a class=\"wp-block-pages-list__item__link\" href=\"https:\/\/remanentecasajuval.org\/?page_id=1598\">3 &#8211; XXVI Shemini, \u05e9\u05de\u05d9\u05e0\u05d9. Octavo<\/a><\/li><li class=\"wp-block-pages-list__item\"><a class=\"wp-block-pages-list__item__link\" href=\"https:\/\/remanentecasajuval.org\/?page_id=1616\">3 &#8211; XXVII Tazr\u00eda, \u05ea\u05d6\u05e8\u05d9\u05e2. Ella concibe<\/a><\/li><li class=\"wp-block-pages-list__item\"><a class=\"wp-block-pages-list__item__link\" href=\"https:\/\/remanentecasajuval.org\/?page_id=1635\">3 &#8211; XXVIII Metzora, \u05de\u05e6\u05d5\u05e8\u05e2. El que tiene lepra<\/a><\/li><li class=\"wp-block-pages-list__item\"><a class=\"wp-block-pages-list__item__link\" href=\"https:\/\/remanentecasajuval.org\/?page_id=1653\">33 &#8211; XXIX Ajarei Mot, \u05d0\u05d7\u05e8\u05d9 \u05de\u05d5\u05ea. Despu\u00e9s de la muerte<\/a><\/li><li class=\"wp-block-pages-list__item\"><a class=\"wp-block-pages-list__item__link\" href=\"https:\/\/remanentecasajuval.org\/?page_id=1670\">33 &#8211; XXX Kedoshim, \u05e7\u05d3\u05d5\u05e9\u05d9\u05dd. Apartados<\/a><\/li><li class=\"wp-block-pages-list__item\"><a class=\"wp-block-pages-list__item__link\" href=\"https:\/\/remanentecasajuval.org\/?page_id=1689\">33 &#8211; XXXI Emor, \u05d0\u05de\u05d5\u05e8. Diles<\/a><\/li><li class=\"wp-block-pages-list__item\"><a class=\"wp-block-pages-list__item__link\" href=\"https:\/\/remanentecasajuval.org\/?page_id=1706\">33 &#8211; XXXII Behar, \u05d1\u05d4\u05e8. En la monta\u00f1a<\/a><\/li><li class=\"wp-block-pages-list__item\"><a class=\"wp-block-pages-list__item__link\" href=\"https:\/\/remanentecasajuval.org\/?page_id=1721\">33 &#8211; XXXIII Bejukotai, \u05d1\u05d7\u05d5\u05e7\u05d5\u05ea\u05d9. En mis estatutos<\/a><\/li><li class=\"wp-block-pages-list__item\"><a class=\"wp-block-pages-list__item__link\" href=\"https:\/\/remanentecasajuval.org\/?page_id=1738\">4 &#8211; XXXIV Bamidbar, \u05d1\u05de\u05d3\u05d1\u05e8. En el desierto<\/a><\/li><li class=\"wp-block-pages-list__item\"><a class=\"wp-block-pages-list__item__link\" href=\"https:\/\/remanentecasajuval.org\/?page_id=1758\">4 &#8211; XXXV Nas\u00f3, \u05e0\u05e9\u05d0. Levanta<\/a><\/li><li class=\"wp-block-pages-list__item\"><a class=\"wp-block-pages-list__item__link\" href=\"https:\/\/remanentecasajuval.org\/?page_id=1785\">4 &#8211; XXXVI Behaalotej\u00e1, \u05d1\u05d4\u05e2\u05dc\u05d5\u05ea\u05da. Cuando hagas subir<\/a><\/li><li class=\"wp-block-pages-list__item\"><a class=\"wp-block-pages-list__item__link\" href=\"https:\/\/remanentecasajuval.org\/?page_id=1810\">4 &#8211; XXXVII Shelaj leja, \u05e9\u05dc\u05d7 \u05dc\u05da. Env\u00eda tu<\/a><\/li><li class=\"wp-block-pages-list__item\"><a class=\"wp-block-pages-list__item__link\" href=\"https:\/\/remanentecasajuval.org\/?page_id=1827\">4 &#8211; XXXVIII Koraj, \u05e7\u05e8\u05d7. Depilado<\/a><\/li><li class=\"wp-block-pages-list__item\"><a class=\"wp-block-pages-list__item__link\" href=\"https:\/\/remanentecasajuval.org\/?page_id=1845\">44 &#8211; XXXIX Jukat, \u05d7\u05e7\u05ea. Estatuto de<\/a><\/li><li class=\"wp-block-pages-list__item\"><a class=\"wp-block-pages-list__item__link\" href=\"https:\/\/remanentecasajuval.org\/?page_id=1866\">444 &#8211; XL Balak, \u05d1\u05dc\u05e7. Devastador<\/a><\/li><li class=\"wp-block-pages-list__item\"><a class=\"wp-block-pages-list__item__link\" href=\"https:\/\/remanentecasajuval.org\/?page_id=1885\">444 &#8211; XLI Pinjas, \u05e4\u05e0\u05d7\u05e1. Boca de serpiente<\/a><\/li><li class=\"wp-block-pages-list__item\"><a class=\"wp-block-pages-list__item__link\" href=\"https:\/\/remanentecasajuval.org\/?page_id=1904\">444 &#8211; XLII Matot, \u05de\u05d8\u05d5\u05ea. Tribus<\/a><\/li><li class=\"wp-block-pages-list__item\"><a class=\"wp-block-pages-list__item__link\" href=\"https:\/\/remanentecasajuval.org\/?page_id=1928\">444 &#8211; XLIII Masei, \u05de\u05e1\u05e2\u05d9 Jornadas<\/a><\/li><li class=\"wp-block-pages-list__item\"><a class=\"wp-block-pages-list__item__link\" href=\"https:\/\/remanentecasajuval.org\/?page_id=1950\">5 &#8211; XLIV Devarim, \u05d3\u05d1\u05e8\u05d9\u05dd Las palabras<\/a><\/li><li class=\"wp-block-pages-list__item\"><a class=\"wp-block-pages-list__item__link\" href=\"https:\/\/remanentecasajuval.org\/?page_id=1968\">5 &#8211; XLV Va\u2019etjanan, \u05d5\u05d0\u05ea\u05d7\u05e0\u05df Y supliqu\u00e9<\/a><\/li><li class=\"wp-block-pages-list__item\"><a class=\"wp-block-pages-list__item__link\" href=\"https:\/\/remanentecasajuval.org\/?page_id=1990\">5 &#8211; XLVI  \u2018Ekev, \u05e2\u05e7\u05d1 Las consecuencias<\/a><\/li><li class=\"wp-block-pages-list__item\"><a class=\"wp-block-pages-list__item__link\" href=\"https:\/\/remanentecasajuval.org\/?page_id=2005\">5 &#8211; XLVII  Re\u2019eh, \u05e8\u05d0\u05d4 Mira<\/a><\/li><li class=\"wp-block-pages-list__item\"><a class=\"wp-block-pages-list__item__link\" href=\"https:\/\/remanentecasajuval.org\/?page_id=2024\">5 &#8211; XLVIII  Shoftim, \u05e9\u05d5\u05e4\u05d8\u05d9\u05dd Jueces<\/a><\/li><li class=\"wp-block-pages-list__item\"><a class=\"wp-block-pages-list__item__link\" href=\"https:\/\/remanentecasajuval.org\/?page_id=2040\">55 &#8211; XLIX  Ki Tetze\u2019, \u05db\u05d9 \u05ea\u05e6\u05d0 Cuando salgas<\/a><\/li><li class=\"wp-block-pages-list__item\"><a class=\"wp-block-pages-list__item__link\" href=\"https:\/\/remanentecasajuval.org\/?page_id=2060\">555 &#8211; L  Ki Tavo\u2019, \u05db\u05d9 \u05ea\u05d1\u05d5\u05d0 Cuando vengas<\/a><\/li><li class=\"wp-block-pages-list__item\"><a class=\"wp-block-pages-list__item__link\" href=\"https:\/\/remanentecasajuval.org\/?page_id=2077\">555 &#8211; LI  Nitzavim, \u05e0\u05d9\u05e6\u05d1\u05d9\u05dd Presentes, firmes<\/a><\/li><li class=\"wp-block-pages-list__item\"><a class=\"wp-block-pages-list__item__link\" href=\"https:\/\/remanentecasajuval.org\/?page_id=2092\">555 &#8211; LII  Vayelej, \u05d5\u05d9\u05dc\u05da Y fu\u00e9<\/a><\/li><li class=\"wp-block-pages-list__item\"><a class=\"wp-block-pages-list__item__link\" href=\"https:\/\/remanentecasajuval.org\/?page_id=2111\">555 &#8211; LIII  Ha\u2019azinu, \u05d4\u05d0\u05d6\u05d9\u05e0\u05d5 Escuchen<\/a><\/li><li class=\"wp-block-pages-list__item\"><a class=\"wp-block-pages-list__item__link\" href=\"https:\/\/remanentecasajuval.org\/?page_id=2136\">555 &#8211; LIV  VeZo\u2019t HaBrajah, \u05d5\u05d6\u05d0\u05ea \u05d4\u05d1\u05e8\u05db\u05d4 Y esta es la bendici\u00f3n<\/a><\/li><\/ul>","protected":false},"excerpt":{"rendered":"<p>Semana 41 (Pinjas) Nm 25:10 &#8211; 30:1 \/ 1 Reyes 18 y 19 \/ Jn 15:1-17:26 D\u00eda Porci\u00f3n Haftarah y Escritos 1 Num 25:10-26:4 Debemos ser radicales con la fornicaci\u00f3n 1 Re 18 2 Num 26:5-51En Israel cada familia es guardada dentro de su nombre 1 Re 19 3 Num 26:52 &#8211; 27:5 Consultar con &hellip; <\/p>\n<p class=\"link-more\"><a href=\"https:\/\/remanentecasajuval.org\/?page_id=1885\" class=\"more-link\">Leer m\u00e1s<span class=\"screen-reader-text\"> \u00ab444 &#8211; XLI Pinjas, \u05e4\u05e0\u05d7\u05e1. Boca de serpiente\u00bb<\/span><\/a><\/p>\n","protected":false},"author":1,"featured_media":1926,"parent":178,"menu_order":2,"comment_status":"closed","ping_status":"closed","template":"","meta":{"footnotes":""},"class_list":["post-1885","page","type-page","status-publish","has-post-thumbnail","hentry"],"_links":{"self":[{"href":"https:\/\/remanentecasajuval.org\/index.php?rest_route=\/wp\/v2\/pages\/1885"}],"collection":[{"href":"https:\/\/remanentecasajuval.org\/index.php?rest_route=\/wp\/v2\/pages"}],"about":[{"href":"https:\/\/remanentecasajuval.org\/index.php?rest_route=\/wp\/v2\/types\/page"}],"author":[{"embeddable":true,"href":"https:\/\/remanentecasajuval.org\/index.php?rest_route=\/wp\/v2\/users\/1"}],"replies":[{"embeddable":true,"href":"https:\/\/remanentecasajuval.org\/index.php?rest_route=%2Fwp%2Fv2%2Fcomments&post=1885"}],"version-history":[{"count":7,"href":"https:\/\/remanentecasajuval.org\/index.php?rest_route=\/wp\/v2\/pages\/1885\/revisions"}],"predecessor-version":[{"id":2208,"href":"https:\/\/remanentecasajuval.org\/index.php?rest_route=\/wp\/v2\/pages\/1885\/revisions\/2208"}],"up":[{"embeddable":true,"href":"https:\/\/remanentecasajuval.org\/index.php?rest_route=\/wp\/v2\/pages\/178"}],"wp:featuredmedia":[{"embeddable":true,"href":"https:\/\/remanentecasajuval.org\/index.php?rest_route=\/wp\/v2\/media\/1926"}],"wp:attachment":[{"href":"https:\/\/remanentecasajuval.org\/index.php?rest_route=%2Fwp%2Fv2%2Fmedia&parent=1885"}],"curies":[{"name":"wp","href":"https:\/\/api.w.org\/{rel}","templated":true}]}}