{"id":8,"date":"2024-10-02T18:14:36","date_gmt":"2024-10-02T18:14:36","guid":{"rendered":"https:\/\/remanentecasajuval.org\/?page_id=8"},"modified":"2024-11-05T00:23:22","modified_gmt":"2024-11-05T00:23:22","slug":"acerca-de","status":"publish","type":"page","link":"https:\/\/remanentecasajuval.org\/?page_id=8","title":{"rendered":"Nuestra Iglesia"},"content":{"rendered":"\n<h2 class=\"wp-block-heading has-large-font-size\" id=\"inspiro-is-a-digital-product-agency-that-focuses-on-strategy-and-design\" style=\"font-style:normal;font-weight:100\"><strong>Un lugar de refugio para alcanzar a aquellos que necesitan salvaci\u00f3n<\/strong><\/h2>\n\n\n\n<div class=\"wp-block-columns alignwide is-layout-flex wp-container-core-columns-is-layout-1 wp-block-columns-is-layout-flex\">\n<div class=\"wp-block-column is-layout-flow wp-block-column-is-layout-flow\">\n<figure class=\"wp-block-image size-full\"><img loading=\"lazy\" decoding=\"async\" width=\"900\" height=\"600\" src=\"https:\/\/remanentecasajuval.org\/wp-content\/uploads\/2024\/11\/vision-remanente.png\" alt=\"\" class=\"wp-image-857\" srcset=\"https:\/\/remanentecasajuval.org\/wp-content\/uploads\/2024\/11\/vision-remanente.png 900w, https:\/\/remanentecasajuval.org\/wp-content\/uploads\/2024\/11\/vision-remanente-300x200.png 300w\" sizes=\"(max-width: 900px) 100vw, 900px\" \/><\/figure>\n\n\n\n<p class=\"has-black-color has-text-color has-medium-font-size\">Nuestra Visi\u00f3n<\/p>\n\n\n\n<p class=\"has-text-color\" style=\"color:#7a7a7a\">Levantar el nombre de nuestro <strong>Dios y Salvador Jesucristo<\/strong> en el lugar donde Dios nos ha puesto, dando dar a conocer su amor, su grandeza y su poder a una poblaci\u00f3n que necesita esperanza. <\/p>\n<\/div>\n\n\n\n<div class=\"wp-block-column is-layout-flow wp-block-column-is-layout-flow\">\n<figure class=\"wp-block-image size-full\"><img loading=\"lazy\" decoding=\"async\" width=\"900\" height=\"600\" src=\"https:\/\/remanentecasajuval.org\/wp-content\/uploads\/2024\/11\/banner-remanente-discipulado-2.png\" alt=\"\" class=\"wp-image-862\" srcset=\"https:\/\/remanentecasajuval.org\/wp-content\/uploads\/2024\/11\/banner-remanente-discipulado-2.png 900w, https:\/\/remanentecasajuval.org\/wp-content\/uploads\/2024\/11\/banner-remanente-discipulado-2-300x200.png 300w\" sizes=\"(max-width: 900px) 100vw, 900px\" \/><\/figure>\n\n\n\n<p class=\"has-black-color has-text-color has-medium-font-size\">Nuestra Misi\u00f3n<\/p>\n\n\n\n<p class=\"has-text-color\" style=\"color:#7a7a7a\">Hacer verdaderos disc\u00edpulos de Jes\u00fas bautiz\u00e1ndolos en el nombre del Padre, del Hijo y del Esp\u00edritu Santo, preparando a cada uno para el regreso de nuestro Se\u00f1or Jesus. <\/p>\n<\/div>\n\n\n\n<div class=\"wp-block-column is-layout-flow wp-block-column-is-layout-flow\">\n<figure class=\"wp-block-image size-large\"><img decoding=\"async\" src=\"https:\/\/remanentecasajuval.org\/wp-content\/themes\/inspiro\/assets\/images\/video-3.jpeg\" alt=\"\"\/><\/figure>\n\n\n\n<p class=\"has-black-color has-text-color has-medium-font-size\">Declaraci\u00f3n de Fe<\/p>\n\n\n\n<p class=\"has-text-color\" style=\"color:#7a7a7a\">This is some dummy copy. You\u2019re not really supposed to read this dummy copy, it is just a place holder for people who need some type to visualize what the actual copy might look like if it were real content.<\/p>\n<\/div>\n<\/div>\n\n\n\n<h3 class=\"wp-block-heading has-large-font-size\" id=\"inspiro-is-a-digital-product-agency-that-focuses-on-strategy-and-desig\" style=\"font-weight:300\">Nuestro fundamento<\/h3>\n\n\n\n<p>Nuestro pilar y fundamento principal para todo lo que hacemos es el amor. <\/p>\n\n\n\n<h3 class=\"wp-block-heading\">1. Amor por Dios <\/h3>\n\n\n\n<p><em>&#8220;Jes\u00fas le dijo: Amar\u00e1s al Se\u00f1or tu Dios con todo tu coraz\u00f3n, y con toda tu alma, y con toda tu mente.<sup>&nbsp;<\/sup>Este es el primero y grande mandamiento&#8221;&nbsp;<\/em> <strong>Mt 22:37-38<\/strong><\/p>\n\n\n\n<h3 class=\"wp-block-heading\">2. Amor por el pr\u00f3jimo<\/h3>\n\n\n\n<p><em>&#8220;Y el segundo es semejante: Amar\u00e1s a tu pr\u00f3jimo como a ti mismo.<sup>&nbsp;<\/sup>De estos dos mandamientos depende toda la ley y los profetas&#8221;<\/em> <strong>Mt 22:39-40<\/strong><\/p>\n\n\n\n<p><\/p>\n\n\n\n<div style=\"height:100px\" aria-hidden=\"true\" class=\"wp-block-spacer\"><\/div>\n\n\n\n<div class=\"wp-block-cover alignfull\" style=\"padding-top:50px;padding-right:50px;padding-bottom:50px;padding-left:50px;min-height:316px;aspect-ratio:unset;\"><span aria-hidden=\"true\" class=\"wp-block-cover__background has-black-background-color has-background-dim-100 has-background-dim\"><\/span><div class=\"wp-block-cover__inner-container is-layout-flow wp-block-cover-is-layout-flow\">\n<div class=\"wp-block-columns are-vertically-aligned-center is-layout-flex wp-container-core-columns-is-layout-2 wp-block-columns-is-layout-flex\">\n<div class=\"wp-block-column is-vertically-aligned-center is-layout-flow wp-block-column-is-layout-flow\" style=\"padding-top:20px;padding-right:0px;padding-bottom:20px;padding-left:0px\">\n<div class=\"wp-block-group is-content-justification-space-between is-nowrap is-layout-flex wp-container-core-group-is-layout-2 wp-block-group-is-layout-flex\">\n<figure class=\"wp-block-image size-full\"><img decoding=\"async\" src=\"https:\/\/remanentecasajuval.org\/wp-content\/themes\/inspiro\/assets\/images\/laurel_left.png\" alt=\"\"\/><\/figure>\n\n\n\n<div class=\"wp-block-group is-layout-flow wp-block-group-is-layout-flow\">\n<p class=\"has-text-align-center has-white-color has-text-color\" style=\"font-size:clamp(14px, 0.875rem + ((1vw - 3.2px) * 0.354), 18px);line-height:1\"><strong>\u00abMejor pel\u00edcula\u00bb<br><\/strong>Ganador<\/p>\n<\/div>\n\n\n\n<figure class=\"wp-block-image size-full\"><img decoding=\"async\" src=\"https:\/\/remanentecasajuval.org\/wp-content\/themes\/inspiro\/assets\/images\/laurel_right.png\" alt=\"\"\/><\/figure>\n<\/div>\n<\/div>\n\n\n\n<div class=\"wp-block-column is-vertically-aligned-center is-layout-flow wp-block-column-is-layout-flow\" style=\"padding-top:20px;padding-right:0px;padding-bottom:20px;padding-left:0px\">\n<div class=\"wp-block-group is-content-justification-space-between is-nowrap is-layout-flex wp-container-core-group-is-layout-4 wp-block-group-is-layout-flex\">\n<figure class=\"wp-block-image size-full\"><img decoding=\"async\" src=\"https:\/\/remanentecasajuval.org\/wp-content\/themes\/inspiro\/assets\/images\/laurel_left.png\" alt=\"\"\/><\/figure>\n\n\n\n<div class=\"wp-block-group is-layout-flow wp-block-group-is-layout-flow\">\n<p class=\"has-text-align-center has-white-color has-text-color\" style=\"font-size:clamp(14px, 0.875rem + ((1vw - 3.2px) * 0.354), 18px);line-height:1\"><strong>\u00abNuevo festival de cine\u00bb<\/strong><br>Ganador<\/p>\n<\/div>\n\n\n\n<figure class=\"wp-block-image size-full\"><img decoding=\"async\" src=\"https:\/\/remanentecasajuval.org\/wp-content\/themes\/inspiro\/assets\/images\/laurel_right.png\" alt=\"\"\/><\/figure>\n<\/div>\n<\/div>\n\n\n\n<div class=\"wp-block-column is-vertically-aligned-center is-layout-flow wp-block-column-is-layout-flow\" style=\"padding-top:20px;padding-right:0px;padding-bottom:20px;padding-left:0px\">\n<div class=\"wp-block-group is-content-justification-space-between is-nowrap is-layout-flex wp-container-core-group-is-layout-6 wp-block-group-is-layout-flex\">\n<figure class=\"wp-block-image size-full\"><img decoding=\"async\" src=\"https:\/\/remanentecasajuval.org\/wp-content\/themes\/inspiro\/assets\/images\/laurel_left.png\" alt=\"\"\/><\/figure>\n\n\n\n<div class=\"wp-block-group is-layout-flow wp-block-group-is-layout-flow\">\n<p class=\"has-text-align-center has-white-color has-text-color\" style=\"font-size:clamp(14px, 0.875rem + ((1vw - 3.2px) * 0.354), 18px);line-height:1\"><strong>\u00abMejor corto\u00bb<\/strong><br>Ganador<\/p>\n<\/div>\n\n\n\n<figure class=\"wp-block-image size-full\"><img decoding=\"async\" src=\"https:\/\/remanentecasajuval.org\/wp-content\/themes\/inspiro\/assets\/images\/laurel_right.png\" alt=\"\"\/><\/figure>\n<\/div>\n<\/div>\n<\/div>\n<\/div><\/div>\n","protected":false},"excerpt":{"rendered":"<p>Un lugar de refugio para alcanzar a aquellos que necesitan salvaci\u00f3n Nuestra Visi\u00f3n Levantar el nombre de nuestro Dios y Salvador Jesucristo en el lugar donde Dios nos ha puesto, dando dar a conocer su amor, su grandeza y su poder a una poblaci\u00f3n que necesita esperanza. Nuestra Misi\u00f3n Hacer verdaderos disc\u00edpulos de Jes\u00fas bautiz\u00e1ndolos &hellip; <\/p>\n<p class=\"link-more\"><a href=\"https:\/\/remanentecasajuval.org\/?page_id=8\" class=\"more-link\">Leer m\u00e1s<span class=\"screen-reader-text\"> \u00abNuestra Iglesia\u00bb<\/span><\/a><\/p>\n","protected":false},"author":1,"featured_media":79,"parent":0,"menu_order":0,"comment_status":"closed","ping_status":"closed","template":"","meta":{"footnotes":""},"class_list":["post-8","page","type-page","status-publish","has-post-thumbnail","hentry"],"_links":{"self":[{"href":"https:\/\/remanentecasajuval.org\/index.php?rest_route=\/wp\/v2\/pages\/8"}],"collection":[{"href":"https:\/\/remanentecasajuval.org\/index.php?rest_route=\/wp\/v2\/pages"}],"about":[{"href":"https:\/\/remanentecasajuval.org\/index.php?rest_route=\/wp\/v2\/types\/page"}],"author":[{"embeddable":true,"href":"https:\/\/remanentecasajuval.org\/index.php?rest_route=\/wp\/v2\/users\/1"}],"replies":[{"embeddable":true,"href":"https:\/\/remanentecasajuval.org\/index.php?rest_route=%2Fwp%2Fv2%2Fcomments&post=8"}],"version-history":[{"count":25,"href":"https:\/\/remanentecasajuval.org\/index.php?rest_route=\/wp\/v2\/pages\/8\/revisions"}],"predecessor-version":[{"id":854,"href":"https:\/\/remanentecasajuval.org\/index.php?rest_route=\/wp\/v2\/pages\/8\/revisions\/854"}],"wp:featuredmedia":[{"embeddable":true,"href":"https:\/\/remanentecasajuval.org\/index.php?rest_route=\/wp\/v2\/media\/79"}],"wp:attachment":[{"href":"https:\/\/remanentecasajuval.org\/index.php?rest_route=%2Fwp%2Fv2%2Fmedia&parent=8"}],"curies":[{"name":"wp","href":"https:\/\/api.w.org\/{rel}","templated":true}]}}